{"id":3685,"date":"2025-06-16T15:12:52","date_gmt":"2025-06-16T07:12:52","guid":{"rendered":"https:\/\/www.wafoovape.com%20\/?post_type=product&#038;p=3685"},"modified":"2025-12-01T17:05:37","modified_gmt":"2025-12-01T09:05:37","slug":"sphere-50k","status":"publish","type":"product","link":"https:\/\/www.wafoovape.com\/es\/product\/sphere-50k\/","title":{"rendered":"Esfera 50K"},"content":{"rendered":"<p style=\"text-align: center;\"><strong><span style=\"font-size: 36pt;\">Esfera 50K<\/span><\/strong><\/p>\n<p>PODER. Control. PERSONALIZACI\u00d3N<\/p>\n<p>COIL DE MELLA: MASTER\u00cdA DE SABOR TODA LA VEZ<\/p>\n<p>Cartucho de llenado superior &#8211; Tan f\u00e1cil de llenar<\/p>\n<p>30W PODERANCIA DE SALIDA MAXIMA &#8211; M\u00e1s r\u00e1pido m\u00e1s suave m\u00e1s afilado<\/p>\n<p>Bater\u00eda 850MAH &#8211; Super vida de la bater\u00eda<\/p>\n<p>TANQUE TRANSPARENTE REFLINABLE de 20ml<\/p>\n<p>Agujero de toma de aire &#8211; Cada bocado es delicioso<\/p>\n<p>MOUTHPIECE DE DISE\u00d1O ERGONOM\u00cdCO &#8211; C\u00f3modo y redondeado<\/p>\n<p><img fetchpriority=\"high\" decoding=\"async\" class=\"alignnone wp-image-4723 size-full\" src=\"https:\/\/www.wafoovape.com\/wp-content\/uploads\/2025\/06\/SPHERE-50K-1-2.jpg\" alt=\"\" width=\"1920\" height=\"1080\" srcset=\"https:\/\/www.wafoovape.com\/wp-content\/uploads\/2025\/06\/SPHERE-50K-1-2.jpg 1920w, https:\/\/www.wafoovape.com\/wp-content\/uploads\/2025\/06\/SPHERE-50K-1-2-300x169.jpg 300w, https:\/\/www.wafoovape.com\/wp-content\/uploads\/2025\/06\/SPHERE-50K-1-2-1024x576.jpg 1024w, https:\/\/www.wafoovape.com\/wp-content\/uploads\/2025\/06\/SPHERE-50K-1-2-768x432.jpg 768w, https:\/\/www.wafoovape.com\/wp-content\/uploads\/2025\/06\/SPHERE-50K-1-2-1536x864.jpg 1536w, https:\/\/www.wafoovape.com\/wp-content\/uploads\/2025\/06\/SPHERE-50K-1-2-600x338.jpg 600w\" sizes=\"(max-width: 1920px) 100vw, 1920px\" \/> <img decoding=\"async\" class=\"alignnone wp-image-4724 size-full\" src=\"https:\/\/www.wafoovape.com\/wp-content\/uploads\/2025\/06\/SPHERE-50K-2-1.jpg\" alt=\"\" width=\"1920\" height=\"1080\" srcset=\"https:\/\/www.wafoovape.com\/wp-content\/uploads\/2025\/06\/SPHERE-50K-2-1.jpg 1920w, https:\/\/www.wafoovape.com\/wp-content\/uploads\/2025\/06\/SPHERE-50K-2-1-300x169.jpg 300w, https:\/\/www.wafoovape.com\/wp-content\/uploads\/2025\/06\/SPHERE-50K-2-1-1024x576.jpg 1024w, https:\/\/www.wafoovape.com\/wp-content\/uploads\/2025\/06\/SPHERE-50K-2-1-768x432.jpg 768w, https:\/\/www.wafoovape.com\/wp-content\/uploads\/2025\/06\/SPHERE-50K-2-1-1536x864.jpg 1536w, https:\/\/www.wafoovape.com\/wp-content\/uploads\/2025\/06\/SPHERE-50K-2-1-600x338.jpg 600w\" sizes=\"(max-width: 1920px) 100vw, 1920px\" \/> <img decoding=\"async\" class=\"alignnone wp-image-4725 size-full\" src=\"https:\/\/www.wafoovape.com\/wp-content\/uploads\/2025\/06\/SPHERE-50K-3-1.jpg\" alt=\"\" width=\"1920\" height=\"1080\" srcset=\"https:\/\/www.wafoovape.com\/wp-content\/uploads\/2025\/06\/SPHERE-50K-3-1.jpg 1920w, https:\/\/www.wafoovape.com\/wp-content\/uploads\/2025\/06\/SPHERE-50K-3-1-300x169.jpg 300w, https:\/\/www.wafoovape.com\/wp-content\/uploads\/2025\/06\/SPHERE-50K-3-1-1024x576.jpg 1024w, https:\/\/www.wafoovape.com\/wp-content\/uploads\/2025\/06\/SPHERE-50K-3-1-768x432.jpg 768w, https:\/\/www.wafoovape.com\/wp-content\/uploads\/2025\/06\/SPHERE-50K-3-1-1536x864.jpg 1536w, https:\/\/www.wafoovape.com\/wp-content\/uploads\/2025\/06\/SPHERE-50K-3-1-600x338.jpg 600w\" sizes=\"(max-width: 1920px) 100vw, 1920px\" \/> <img loading=\"lazy\" decoding=\"async\" class=\"alignnone wp-image-4726 size-full\" src=\"https:\/\/www.wafoovape.com\/wp-content\/uploads\/2025\/06\/SPHERE-50K-4-1.jpg\" alt=\"\" width=\"1920\" height=\"1080\" srcset=\"https:\/\/www.wafoovape.com\/wp-content\/uploads\/2025\/06\/SPHERE-50K-4-1.jpg 1920w, https:\/\/www.wafoovape.com\/wp-content\/uploads\/2025\/06\/SPHERE-50K-4-1-300x169.jpg 300w, https:\/\/www.wafoovape.com\/wp-content\/uploads\/2025\/06\/SPHERE-50K-4-1-1024x576.jpg 1024w, https:\/\/www.wafoovape.com\/wp-content\/uploads\/2025\/06\/SPHERE-50K-4-1-768x432.jpg 768w, https:\/\/www.wafoovape.com\/wp-content\/uploads\/2025\/06\/SPHERE-50K-4-1-1536x864.jpg 1536w, https:\/\/www.wafoovape.com\/wp-content\/uploads\/2025\/06\/SPHERE-50K-4-1-600x338.jpg 600w\" sizes=\"(max-width: 1920px) 100vw, 1920px\" \/> <img loading=\"lazy\" decoding=\"async\" class=\"alignnone wp-image-4727 size-full\" src=\"https:\/\/www.wafoovape.com\/wp-content\/uploads\/2025\/06\/SPHERE-50K-5-2.jpg\" alt=\"\" width=\"1920\" height=\"1080\" srcset=\"https:\/\/www.wafoovape.com\/wp-content\/uploads\/2025\/06\/SPHERE-50K-5-2.jpg 1920w, https:\/\/www.wafoovape.com\/wp-content\/uploads\/2025\/06\/SPHERE-50K-5-2-300x169.jpg 300w, https:\/\/www.wafoovape.com\/wp-content\/uploads\/2025\/06\/SPHERE-50K-5-2-1024x576.jpg 1024w, https:\/\/www.wafoovape.com\/wp-content\/uploads\/2025\/06\/SPHERE-50K-5-2-768x432.jpg 768w, https:\/\/www.wafoovape.com\/wp-content\/uploads\/2025\/06\/SPHERE-50K-5-2-1536x864.jpg 1536w, https:\/\/www.wafoovape.com\/wp-content\/uploads\/2025\/06\/SPHERE-50K-5-2-600x338.jpg 600w\" sizes=\"(max-width: 1920px) 100vw, 1920px\" \/> <img loading=\"lazy\" decoding=\"async\" class=\"alignnone wp-image-4728 size-full\" src=\"https:\/\/www.wafoovape.com\/wp-content\/uploads\/2025\/06\/SPHERE-50K-6-3.jpg\" alt=\"\" width=\"1920\" height=\"1080\" srcset=\"https:\/\/www.wafoovape.com\/wp-content\/uploads\/2025\/06\/SPHERE-50K-6-3.jpg 1920w, https:\/\/www.wafoovape.com\/wp-content\/uploads\/2025\/06\/SPHERE-50K-6-3-300x169.jpg 300w, https:\/\/www.wafoovape.com\/wp-content\/uploads\/2025\/06\/SPHERE-50K-6-3-1024x576.jpg 1024w, https:\/\/www.wafoovape.com\/wp-content\/uploads\/2025\/06\/SPHERE-50K-6-3-768x432.jpg 768w, https:\/\/www.wafoovape.com\/wp-content\/uploads\/2025\/06\/SPHERE-50K-6-3-1536x864.jpg 1536w, https:\/\/www.wafoovape.com\/wp-content\/uploads\/2025\/06\/SPHERE-50K-6-3-600x338.jpg 600w\" sizes=\"(max-width: 1920px) 100vw, 1920px\" \/> <img loading=\"lazy\" decoding=\"async\" class=\"alignnone wp-image-4729 size-full\" src=\"https:\/\/www.wafoovape.com\/wp-content\/uploads\/2025\/06\/SPHERE-50K-7-3.jpg\" alt=\"\" width=\"1920\" height=\"1080\" srcset=\"https:\/\/www.wafoovape.com\/wp-content\/uploads\/2025\/06\/SPHERE-50K-7-3.jpg 1920w, https:\/\/www.wafoovape.com\/wp-content\/uploads\/2025\/06\/SPHERE-50K-7-3-300x169.jpg 300w, https:\/\/www.wafoovape.com\/wp-content\/uploads\/2025\/06\/SPHERE-50K-7-3-1024x576.jpg 1024w, https:\/\/www.wafoovape.com\/wp-content\/uploads\/2025\/06\/SPHERE-50K-7-3-768x432.jpg 768w, https:\/\/www.wafoovape.com\/wp-content\/uploads\/2025\/06\/SPHERE-50K-7-3-1536x864.jpg 1536w, https:\/\/www.wafoovape.com\/wp-content\/uploads\/2025\/06\/SPHERE-50K-7-3-600x338.jpg 600w\" sizes=\"(max-width: 1920px) 100vw, 1920px\" \/> <img loading=\"lazy\" decoding=\"async\" class=\"alignnone wp-image-4730 size-full\" src=\"https:\/\/www.wafoovape.com\/wp-content\/uploads\/2025\/06\/SPHERE-50K-8-2.jpg\" alt=\"\" width=\"1920\" height=\"1080\" srcset=\"https:\/\/www.wafoovape.com\/wp-content\/uploads\/2025\/06\/SPHERE-50K-8-2.jpg 1920w, https:\/\/www.wafoovape.com\/wp-content\/uploads\/2025\/06\/SPHERE-50K-8-2-300x169.jpg 300w, https:\/\/www.wafoovape.com\/wp-content\/uploads\/2025\/06\/SPHERE-50K-8-2-1024x576.jpg 1024w, https:\/\/www.wafoovape.com\/wp-content\/uploads\/2025\/06\/SPHERE-50K-8-2-768x432.jpg 768w, https:\/\/www.wafoovape.com\/wp-content\/uploads\/2025\/06\/SPHERE-50K-8-2-1536x864.jpg 1536w, https:\/\/www.wafoovape.com\/wp-content\/uploads\/2025\/06\/SPHERE-50K-8-2-600x338.jpg 600w\" sizes=\"(max-width: 1920px) 100vw, 1920px\" \/> <img loading=\"lazy\" decoding=\"async\" class=\"alignnone wp-image-4731 size-full\" src=\"https:\/\/www.wafoovape.com\/wp-content\/uploads\/2025\/06\/SPHERE-50K-9-2.jpg\" alt=\"\" width=\"1920\" height=\"1080\" srcset=\"https:\/\/www.wafoovape.com\/wp-content\/uploads\/2025\/06\/SPHERE-50K-9-2.jpg 1920w, https:\/\/www.wafoovape.com\/wp-content\/uploads\/2025\/06\/SPHERE-50K-9-2-300x169.jpg 300w, https:\/\/www.wafoovape.com\/wp-content\/uploads\/2025\/06\/SPHERE-50K-9-2-1024x576.jpg 1024w, https:\/\/www.wafoovape.com\/wp-content\/uploads\/2025\/06\/SPHERE-50K-9-2-768x432.jpg 768w, https:\/\/www.wafoovape.com\/wp-content\/uploads\/2025\/06\/SPHERE-50K-9-2-1536x864.jpg 1536w, https:\/\/www.wafoovape.com\/wp-content\/uploads\/2025\/06\/SPHERE-50K-9-2-600x338.jpg 600w\" sizes=\"(max-width: 1920px) 100vw, 1920px\" \/> <img loading=\"lazy\" decoding=\"async\" class=\"alignnone wp-image-4732 size-full\" src=\"https:\/\/www.wafoovape.com\/wp-content\/uploads\/2025\/06\/SPHERE-50K-10-2.jpg\" alt=\"\" width=\"1920\" height=\"1080\" srcset=\"https:\/\/www.wafoovape.com\/wp-content\/uploads\/2025\/06\/SPHERE-50K-10-2.jpg 1920w, https:\/\/www.wafoovape.com\/wp-content\/uploads\/2025\/06\/SPHERE-50K-10-2-300x169.jpg 300w, https:\/\/www.wafoovape.com\/wp-content\/uploads\/2025\/06\/SPHERE-50K-10-2-1024x576.jpg 1024w, https:\/\/www.wafoovape.com\/wp-content\/uploads\/2025\/06\/SPHERE-50K-10-2-768x432.jpg 768w, https:\/\/www.wafoovape.com\/wp-content\/uploads\/2025\/06\/SPHERE-50K-10-2-1536x864.jpg 1536w, https:\/\/www.wafoovape.com\/wp-content\/uploads\/2025\/06\/SPHERE-50K-10-2-600x338.jpg 600w\" sizes=\"(max-width: 1920px) 100vw, 1920px\" \/> <img loading=\"lazy\" decoding=\"async\" class=\"alignnone wp-image-4733 size-full\" src=\"https:\/\/www.wafoovape.com\/wp-content\/uploads\/2025\/06\/SPHERE-50K-11-2.jpg\" alt=\"\" width=\"1920\" height=\"1080\" srcset=\"https:\/\/www.wafoovape.com\/wp-content\/uploads\/2025\/06\/SPHERE-50K-11-2.jpg 1920w, https:\/\/www.wafoovape.com\/wp-content\/uploads\/2025\/06\/SPHERE-50K-11-2-300x169.jpg 300w, https:\/\/www.wafoovape.com\/wp-content\/uploads\/2025\/06\/SPHERE-50K-11-2-1024x576.jpg 1024w, https:\/\/www.wafoovape.com\/wp-content\/uploads\/2025\/06\/SPHERE-50K-11-2-768x432.jpg 768w, https:\/\/www.wafoovape.com\/wp-content\/uploads\/2025\/06\/SPHERE-50K-11-2-1536x864.jpg 1536w, https:\/\/www.wafoovape.com\/wp-content\/uploads\/2025\/06\/SPHERE-50K-11-2-600x338.jpg 600w\" sizes=\"(max-width: 1920px) 100vw, 1920px\" \/><\/p>","protected":false},"excerpt":{"rendered":"<p>El poder. Control. Personalizaci\u00f3n<br \/>\nTanque transparente recargable<br \/>\nVoltaje ajustable hasta 30W<br \/>\nHasta 50.000 puffs<br \/>\nTama\u00f1o: 102 * 50 * 25mm<br \/>\nE-l\u00edquido: 20 ml<br \/>\nBater\u00eda: 850mAh<br \/>\nResistencia: 1.0\u03a9<br \/>\nLuz RGB \/ Tipo C<\/p>","protected":false},"featured_media":3696,"comment_status":"closed","ping_status":"closed","template":"","meta":[],"product_brand":[],"product_cat":[15,25],"product_tag":[],"class_list":{"0":"post-3685","1":"product","2":"type-product","3":"status-publish","4":"has-post-thumbnail","6":"product_cat-disposable","7":"product_cat-product","9":"first","10":"instock","11":"shipping-taxable","12":"product-type-simple"},"_links":{"self":[{"href":"https:\/\/www.wafoovape.com\/es\/wp-json\/wp\/v2\/product\/3685","targetHints":{"allow":["GET"]}}],"collection":[{"href":"https:\/\/www.wafoovape.com\/es\/wp-json\/wp\/v2\/product"}],"about":[{"href":"https:\/\/www.wafoovape.com\/es\/wp-json\/wp\/v2\/types\/product"}],"replies":[{"embeddable":true,"href":"https:\/\/www.wafoovape.com\/es\/wp-json\/wp\/v2\/comments?post=3685"}],"wp:featuredmedia":[{"embeddable":true,"href":"https:\/\/www.wafoovape.com\/es\/wp-json\/wp\/v2\/media\/3696"}],"wp:attachment":[{"href":"https:\/\/www.wafoovape.com\/es\/wp-json\/wp\/v2\/media?parent=3685"}],"wp:term":[{"taxonomy":"product_brand","embeddable":true,"href":"https:\/\/www.wafoovape.com\/es\/wp-json\/wp\/v2\/product_brand?post=3685"},{"taxonomy":"product_cat","embeddable":true,"href":"https:\/\/www.wafoovape.com\/es\/wp-json\/wp\/v2\/product_cat?post=3685"},{"taxonomy":"product_tag","embeddable":true,"href":"https:\/\/www.wafoovape.com\/es\/wp-json\/wp\/v2\/product_tag?post=3685"}],"curies":[{"name":"wp","href":"https:\/\/api.w.org\/{rel}","templated":true}]}}