{"id":632,"date":"2025-05-19T17:18:27","date_gmt":"2025-05-19T09:18:27","guid":{"rendered":"http:\/\/www.wafoovape.com%20\/?page_id=632"},"modified":"2025-09-19T18:56:29","modified_gmt":"2025-09-19T10:56:29","slug":"product-verification","status":"publish","type":"page","link":"https:\/\/www.wafoovape.com\/fr\/service-support\/product-verification\/","title":{"rendered":"V\u00e9rification du produit"},"content":{"rendered":"<div data-elementor-type=\"wp-page\" data-elementor-id=\"632\" class=\"elementor elementor-632\" data-elementor-post-type=\"page\">\n\t\t\t\t\t\t<section class=\"elementor-section elementor-top-section elementor-element elementor-element-f3163c5 elementor-section-boxed elementor-section-height-default elementor-section-height-default\" data-id=\"f3163c5\" data-element_type=\"section\" data-e-type=\"section\" data-settings=\"{&quot;background_background&quot;:&quot;classic&quot;}\">\n\t\t\t\t\t\t\t<div class=\"elementor-background-overlay\"><\/div>\n\t\t\t\t\t\t\t<div class=\"elementor-container elementor-column-gap-default\">\n\t\t\t\t\t<div class=\"elementor-column elementor-col-100 elementor-top-column elementor-element elementor-element-22ff6b0f\" data-id=\"22ff6b0f\" data-element_type=\"column\" data-e-type=\"column\">\n\t\t\t<div class=\"elementor-widget-wrap elementor-element-populated\">\n\t\t\t\t\t\t<section class=\"elementor-section elementor-inner-section elementor-element elementor-element-2623ea77 elementor-section-full_width animated-fast elementor-section-height-default elementor-section-height-default elementor-invisible\" data-id=\"2623ea77\" data-element_type=\"section\" data-e-type=\"section\" data-settings=\"{&quot;animation&quot;:&quot;slideInUp&quot;}\">\n\t\t\t\t\t\t<div class=\"elementor-container elementor-column-gap-default\">\n\t\t\t\t\t<div class=\"elementor-column elementor-col-100 elementor-inner-column elementor-element elementor-element-46731c5c\" data-id=\"46731c5c\" data-element_type=\"column\" data-e-type=\"column\">\n\t\t\t<div class=\"elementor-widget-wrap elementor-element-populated\">\n\t\t\t\t\t\t<div class=\"elementor-element elementor-element-e37bf84 elementor-hidden-mobile elementor-widget elementor-widget-ucaddon_blox_particles_logo\" data-id=\"e37bf84\" data-element_type=\"widget\" data-e-type=\"widget\" data-widget_type=\"ucaddon_blox_particles_logo.default\">\n\t\t\t\t<div class=\"elementor-widget-container\">\n\t\t\t\t\t\n<!-- start Particle Image -->\n<style>\/* widget: Particle Image *\/\n\n#uc_blox_particles_logo_elementor_e37bf84 {\n  display: none;\n}\n.uc_blox_particles_logo_elementor_e37bf84_particle-img-wrapper{\nwidth:100%;\nheight:300px;\ntext-align:center;}\n\n<\/style>\n\n<div class=\"uc_blox_particles_logo_elementor_e37bf84_particle-img-wrapper\">\n<img decoding=\"async\"\n  id=\"uc_blox_particles_logo_elementor_e37bf84\"\n  class=\"uc_blox_particles_logo_elementor_e37bf84 ue-particle-image\"\n  data-width=\"500\"\n  data-height=\"300\"\n  data-max-width=\"100%\"\n  data-particle-gap=\"4\"\n  data-color=\"#66F2E8\"\n  data-gravity=\"0.19\"\n  data-noise=\"10\"\n     \n  data-renderer=\"webgl\"\n \n     \n  data-particle-size=\"2\"\n  data-layer-count=\"1\"\n  data-layer-distance=\"50\"\n  data-depth=\"3\"   \n  data-life-cycle=\"false\"\n  data-grow-duration=\"10\"\n  data-wait-duration=\"180\"\n  data-shrink-duration=\"50\"\n  data-shrink-distance=\"120\"\n\n       \n  data-mouse-force=\"30\"\n  data-init-position=\"none\"\n  data-init-direction=\"none\"\n  data-fade-position=\"none\"\n  data-fade-direction=\"none\"\n  src=\"https:\/\/www.wafoovape.com\/wp-content\/uploads\/2025\/05\/Wafoo1.png\" >\n<\/div>\n<!-- end Particle Image -->\t\t\t\t<\/div>\n\t\t\t\t<\/div>\n\t\t\t\t\t<\/div>\n\t\t<\/div>\n\t\t\t\t\t<\/div>\n\t\t<\/section>\n\t\t\t\t<section class=\"elementor-section elementor-inner-section elementor-element elementor-element-2905a68 animated-fast elementor-section-boxed elementor-section-height-default elementor-section-height-default elementor-invisible\" data-id=\"2905a68\" data-element_type=\"section\" data-e-type=\"section\" data-settings=\"{&quot;animation&quot;:&quot;slideInUp&quot;}\">\n\t\t\t\t\t\t<div class=\"elementor-container elementor-column-gap-default\">\n\t\t\t\t\t<div class=\"elementor-column elementor-col-100 elementor-inner-column elementor-element elementor-element-8aab008\" data-id=\"8aab008\" data-element_type=\"column\" data-e-type=\"column\">\n\t\t\t<div class=\"elementor-widget-wrap elementor-element-populated\">\n\t\t\t\t\t\t<div class=\"elementor-element elementor-element-b48e382 elementor-widget__width-auto elementor-widget elementor-widget-ucaddon_gradient_underline_text_effect\" data-id=\"b48e382\" data-element_type=\"widget\" data-e-type=\"widget\" data-widget_type=\"ucaddon_gradient_underline_text_effect.default\">\n\t\t\t\t<div class=\"elementor-widget-container\">\n\t\t\t\t\t\n<!-- start Gradient Underline Text Effect -->\n<style>\/* widget: Gradient Underline Text Effect *\/\n\n#uc_gradient_underline_text_effect_elementor_b48e382\n{\n  text-align:center;\n}\n#uc_gradient_underline_text_effect_elementor_b48e382 .underline--magical {\n  background-image: linear-gradient(120deg, #66F2E8 0%, #0066ff 100%);\n  background-repeat: no-repeat;\n  background-size: 100% 0.2em;\n  background-position: 0 88%;\n  transition: background-size 0.25s ease-in;\n}\n\n\n\n<\/style>\n\n<h1 id=\"uc_gradient_underline_text_effect_elementor_b48e382\" class=\"gradient_underline_text_effect\" style=\"color:#FFFFFF;\">\n<span class=\"beginning_text\" style=\"color:;\">Produit <\/span> \n<span class=\"underline--magical\" style=\"color:;\">V\u00e9rification<\/span> \n<span class=\"ending_text\" style=\"color:;\"><\/span>\n<\/h1>\n<!-- end Gradient Underline Text Effect -->\t\t\t\t<\/div>\n\t\t\t\t<\/div>\n\t\t\t\t<div class=\"elementor-element elementor-element-5b5b9cc elementor-widget__width-auto elementor-hidden-mobile elementor-widget elementor-widget-image\" data-id=\"5b5b9cc\" data-element_type=\"widget\" data-e-type=\"widget\" data-widget_type=\"image.default\">\n\t\t\t\t\t\t\t\t\t\t\t\t\t\t\t<img decoding=\"async\" width=\"100\" height=\"100\" src=\"https:\/\/www.wafoovape.com\/wp-content\/uploads\/2025\/05\/B.png\" class=\"attachment-large size-large wp-image-2069\" alt=\"C. B\" \/>\t\t\t\t\t\t\t\t\t\t\t\t\t\t\t<\/div>\n\t\t\t\t\t<\/div>\n\t\t<\/div>\n\t\t\t\t\t<\/div>\n\t\t<\/section>\n\t\t\t\t<section class=\"elementor-section elementor-inner-section elementor-element elementor-element-3c3ad93 animated-fast elementor-section-boxed elementor-section-height-default elementor-section-height-default elementor-invisible\" data-id=\"3c3ad93\" data-element_type=\"section\" data-e-type=\"section\" data-settings=\"{&quot;animation&quot;:&quot;slideInUp&quot;}\">\n\t\t\t\t\t\t<div class=\"elementor-container elementor-column-gap-default\">\n\t\t\t\t\t<div class=\"elementor-column elementor-col-100 elementor-inner-column elementor-element elementor-element-c3bf8e0\" data-id=\"c3bf8e0\" data-element_type=\"column\" data-e-type=\"column\">\n\t\t\t<div class=\"elementor-widget-wrap elementor-element-populated\">\n\t\t\t\t\t\t<div class=\"elementor-element elementor-element-73ed015 elementor-search-form--button-type-text elementor-hidden-mobile elementor-search-form--skin-classic elementor-widget elementor-widget-search-form\" data-id=\"73ed015\" data-element_type=\"widget\" data-e-type=\"widget\" data-settings=\"{&quot;skin&quot;:&quot;classic&quot;}\" data-widget_type=\"search-form.default\">\n\t\t\t\t\t\t\t<search role=\"search\">\n\t\t\t<form class=\"elementor-search-form\" action=\"https:\/\/www.wafoovape.com\/fr\/\" method=\"get\" data-trp-original-action=\"https:\/\/www.wafoovape.com\/fr\">\n\t\t\t\t\t\t\t\t\t\t\t\t<div class=\"elementor-search-form__container\">\n\t\t\t\t\t<label class=\"elementor-screen-only\" for=\"elementor-search-form-73ed015\">Rechercher <\/label>\n\n\t\t\t\t\t\n\t\t\t\t\t<input id=\"elementor-search-form-73ed015\" placeholder=\"Entrez ou collez un code de s\u00e9curit\u00e9\" class=\"elementor-search-form__input\" type=\"search\" name=\"s\" value=\"\">\n\t\t\t\t\t\n\t\t\t\t\t\t\t\t\t\t\t<button class=\"elementor-search-form__submit\" type=\"submit\" aria-label=\"Rechercher \">\n\t\t\t\t\t\t\t\t\t\t\t\t\t\t\tv\u00e9rifier\t\t\t\t\t\t\t\t\t\t\t\t\t<\/button>\n\t\t\t\t\t\n\t\t\t\t\t\t\t\t\t<\/div>\n\t\t\t<input type=\"hidden\" name=\"trp-form-language\" value=\"fr\"\/><\/form>\n\t\t<\/search>\n\t\t\t\t\t\t<\/div>\n\t\t\t\t<div class=\"elementor-element elementor-element-80e6b43 elementor-search-form--button-type-text elementor-hidden-desktop elementor-hidden-laptop elementor-hidden-tablet elementor-hidden-widescreen elementor-search-form--skin-classic elementor-widget elementor-widget-search-form\" data-id=\"80e6b43\" data-element_type=\"widget\" data-e-type=\"widget\" data-settings=\"{&quot;skin&quot;:&quot;classic&quot;}\" data-widget_type=\"search-form.default\">\n\t\t\t\t\t\t\t<search role=\"search\">\n\t\t\t<form class=\"elementor-search-form\" action=\"https:\/\/www.wafoovape.com\/fr\/\" method=\"get\" data-trp-original-action=\"https:\/\/www.wafoovape.com\/fr\">\n\t\t\t\t\t\t\t\t\t\t\t\t<div class=\"elementor-search-form__container\">\n\t\t\t\t\t<label class=\"elementor-screen-only\" for=\"elementor-search-form-80e6b43\">Rechercher <\/label>\n\n\t\t\t\t\t\n\t\t\t\t\t<input id=\"elementor-search-form-80e6b43\" placeholder=\"Entrez ou collez un code de s\u00e9curit\u00e9\" class=\"elementor-search-form__input\" type=\"search\" name=\"s\" value=\"\">\n\t\t\t\t\t\n\t\t\t\t\t\t\t\t\t\t\t<button class=\"elementor-search-form__submit\" type=\"submit\" aria-label=\"Rechercher \">\n\t\t\t\t\t\t\t\t\t\t\t\t\t\t\tv\u00e9rifier\t\t\t\t\t\t\t\t\t\t\t\t\t<\/button>\n\t\t\t\t\t\n\t\t\t\t\t\t\t\t\t<\/div>\n\t\t\t<input type=\"hidden\" name=\"trp-form-language\" value=\"fr\"\/><\/form>\n\t\t<\/search>\n\t\t\t\t\t\t<\/div>\n\t\t\t\t\t<\/div>\n\t\t<\/div>\n\t\t\t\t\t<\/div>\n\t\t<\/section>\n\t\t\t\t<section class=\"elementor-section elementor-inner-section elementor-element elementor-element-10527a7 animated-fast elementor-section-boxed elementor-section-height-default elementor-section-height-default elementor-invisible\" data-id=\"10527a7\" data-element_type=\"section\" data-e-type=\"section\" data-settings=\"{&quot;animation&quot;:&quot;slideInUp&quot;}\">\n\t\t\t\t\t\t<div class=\"elementor-container elementor-column-gap-default\">\n\t\t\t\t\t<div class=\"elementor-column elementor-col-100 elementor-inner-column elementor-element elementor-element-e8b45fa\" data-id=\"e8b45fa\" data-element_type=\"column\" data-e-type=\"column\">\n\t\t\t<div class=\"elementor-widget-wrap elementor-element-populated\">\n\t\t\t\t\t\t<div class=\"elementor-element elementor-element-37c2ac5 elementor-widget elementor-widget-icon-box\" data-id=\"37c2ac5\" data-element_type=\"widget\" data-e-type=\"widget\" data-widget_type=\"icon-box.default\">\n\t\t\t\t\t\t\t<div class=\"elementor-icon-box-wrapper\">\n\n\t\t\t\n\t\t\t\t\t\t<div class=\"elementor-icon-box-content\">\n\n\t\t\t\t\t\t\t\t\t<h3 class=\"elementor-icon-box-title\">\n\t\t\t\t\t\t<span  >\n\t\t\t\t\t\t\tInstructions\t\t\t\t\t\t<\/span>\n\t\t\t\t\t<\/h3>\n\t\t\t\t\n\t\t\t\t\t\t\t\t\t<p class=\"elementor-icon-box-description\">\n\t\t\t\t\t\tVous pouvez trouver le code de v\u00e9rification d'authenticit\u00e9 autocollant sur l'emballage du produit, gratter le rev\u00eatement pour obtenir le code de v\u00e9rification d'authenticit\u00e9. Vous pouvez \u00e9galement scanner le code sur l'autocollant avec votre t\u00e9l\u00e9phone pour voir les r\u00e9sultats.\t\t\t\t\t<\/p>\n\t\t\t\t\n\t\t\t<\/div>\n\t\t\t\n\t\t<\/div>\n\t\t\t\t\t\t<\/div>\n\t\t\t\t\t<\/div>\n\t\t<\/div>\n\t\t\t\t\t<\/div>\n\t\t<\/section>\n\t\t\t\t\t<\/div>\n\t\t<\/div>\n\t\t\t\t\t<\/div>\n\t\t<\/section>\n\t\t\t\t<\/div>","protected":false},"excerpt":{"rendered":"<p>Product Verification Instruction You can find the authenticity verification code sticker on the product packaging, scratch off the coating to get the authenticity verification code.You can also scan the code on the sticker with your phone to see the results.<\/p>","protected":false},"author":1,"featured_media":0,"parent":31,"menu_order":0,"comment_status":"closed","ping_status":"closed","template":"elementor_header_footer","meta":{"footnotes":""},"class_list":["post-632","page","type-page","status-publish","hentry"],"_links":{"self":[{"href":"https:\/\/www.wafoovape.com\/fr\/wp-json\/wp\/v2\/pages\/632","targetHints":{"allow":["GET"]}}],"collection":[{"href":"https:\/\/www.wafoovape.com\/fr\/wp-json\/wp\/v2\/pages"}],"about":[{"href":"https:\/\/www.wafoovape.com\/fr\/wp-json\/wp\/v2\/types\/page"}],"author":[{"embeddable":true,"href":"https:\/\/www.wafoovape.com\/fr\/wp-json\/wp\/v2\/users\/1"}],"replies":[{"embeddable":true,"href":"https:\/\/www.wafoovape.com\/fr\/wp-json\/wp\/v2\/comments?post=632"}],"version-history":[{"count":101,"href":"https:\/\/www.wafoovape.com\/fr\/wp-json\/wp\/v2\/pages\/632\/revisions"}],"predecessor-version":[{"id":4523,"href":"https:\/\/www.wafoovape.com\/fr\/wp-json\/wp\/v2\/pages\/632\/revisions\/4523"}],"up":[{"embeddable":true,"href":"https:\/\/www.wafoovape.com\/fr\/wp-json\/wp\/v2\/pages\/31"}],"wp:attachment":[{"href":"https:\/\/www.wafoovape.com\/fr\/wp-json\/wp\/v2\/media?parent=632"}],"curies":[{"name":"wp","href":"https:\/\/api.w.org\/{rel}","templated":true}]}}