{"id":418,"date":"2025-05-19T10:26:05","date_gmt":"2025-05-19T02:26:05","guid":{"rendered":"http:\/\/www.wafoovape.com%20\/?post_type=product&#038;p=418"},"modified":"2025-12-26T10:13:03","modified_gmt":"2025-12-26T02:13:03","slug":"eco-s","status":"publish","type":"product","link":"https:\/\/www.wafoovape.com\/fr\/product\/eco-s\/","title":{"rendered":"Kit de Pod rechargeable Wafoo ECO S"},"content":{"rendered":"<h3 style=\"text-align: center;\"><span style=\"font-size: 24pt;\"><strong>Caract\u00e9ristiques du produit<\/strong><\/span><\/h3>\n<p><span style=\"font-size: 14pt;\">Puissance durable, confiance toute la journ\u00e9e:\u00a0<\/span><span style=\"font-size: 14pt;\">Une batterie interne robuste de 1300mAh associ\u00e9e \u00e0 une charge rapide efficace de type C assure des performances fiables toute la journ\u00e9e. C'est la promesse de Wafoo pour un appareil de vaping fiable.<\/span><\/p>\n<p><span style=\"font-size: 14pt;\">Flexibilit\u00e9 de double pod, rechargement facile: Disponible d'un r\u00e9servoir de pod rechargeable transparent de 2,0 ml, compatible avec les syst\u00e8mes ouverts et ferm\u00e9s. La conception de remplissage lat\u00e9ral rend l'ajout de votre liquide pr\u00e9f\u00e9r\u00e9 ou liquide de cigarette \u00e9lectronique simple et propre.<\/span><\/p>\n<p><span style=\"font-size: 14pt;\">Contr\u00f4le pr\u00e9cis, votre tirage parfait: Offre une large gamme de puissance de 15W \u00e0 30W avec des incr\u00e9ments de 0,5W et un d\u00e9bit d'air r\u00e9glable. Am\u00e9liorez votre exp\u00e9rience pour des nuages massifs ou un tirage serr\u00e9, rendant ce syst\u00e8me de capsule rechargeable incroyablement polyvalent.<\/span><\/p>\n<p><span style=\"font-size: 14pt;\">Construction durable, affichage clair: log\u00e9 dans un cadre m\u00e9tallique textur\u00e9 pour la force et le style. Un \u00e9cran couleur TFT de 1,47 pouces affiche clairement la puissance, le niveau de la batterie et plus encore, vous donnant le contr\u00f4le total de votre appareil pod.<\/span><\/p>\n<p><img fetchpriority=\"high\" decoding=\"async\" class=\"alignnone wp-image-4249 size-full\" src=\"https:\/\/www.wafoovape.com\/wp-content\/uploads\/2025\/05\/10080-.jpg\" alt=\"\" width=\"1920\" height=\"1080\" srcset=\"https:\/\/www.wafoovape.com\/wp-content\/uploads\/2025\/05\/10080-.jpg 1920w, https:\/\/www.wafoovape.com\/wp-content\/uploads\/2025\/05\/10080--300x169.jpg 300w, https:\/\/www.wafoovape.com\/wp-content\/uploads\/2025\/05\/10080--1024x576.jpg 1024w, https:\/\/www.wafoovape.com\/wp-content\/uploads\/2025\/05\/10080--768x432.jpg 768w, https:\/\/www.wafoovape.com\/wp-content\/uploads\/2025\/05\/10080--1536x864.jpg 1536w, https:\/\/www.wafoovape.com\/wp-content\/uploads\/2025\/05\/10080--600x338.jpg 600w\" sizes=\"(max-width: 1920px) 100vw, 1920px\" \/> <img decoding=\"async\" class=\"alignnone wp-image-4250 size-full\" src=\"https:\/\/www.wafoovape.com\/wp-content\/uploads\/2025\/05\/10080-1.jpg\" alt=\"\" width=\"1920\" height=\"1080\" srcset=\"https:\/\/www.wafoovape.com\/wp-content\/uploads\/2025\/05\/10080-1.jpg 1920w, https:\/\/www.wafoovape.com\/wp-content\/uploads\/2025\/05\/10080-1-300x169.jpg 300w, https:\/\/www.wafoovape.com\/wp-content\/uploads\/2025\/05\/10080-1-1024x576.jpg 1024w, https:\/\/www.wafoovape.com\/wp-content\/uploads\/2025\/05\/10080-1-768x432.jpg 768w, https:\/\/www.wafoovape.com\/wp-content\/uploads\/2025\/05\/10080-1-1536x864.jpg 1536w, https:\/\/www.wafoovape.com\/wp-content\/uploads\/2025\/05\/10080-1-600x338.jpg 600w\" sizes=\"(max-width: 1920px) 100vw, 1920px\" \/><\/p>\n<h3 style=\"text-align: center;\"><span style=\"font-size: 24pt;\"><strong>Tableau de sp\u00e9cifications d\u00e9taill\u00e9es<\/strong><\/span><\/h3>\n<table class=\"aligncenter\" style=\"width: 43.0396%; height: 588px;\">\n<tbody>\n<tr style=\"height: 56px;\">\n<td style=\"width: 36.9863%; height: 56px;\" width=\"210\"><span style=\"font-size: 14pt;\">Caract\u00e9ristique<\/span><\/td>\n<td style=\"width: 60.6237%; height: 56px;\" width=\"352\"><span style=\"font-size: 14pt;\">Sp\u00e9cification<\/span><\/td>\n<\/tr>\n<tr style=\"height: 56px;\">\n<td style=\"width: 36.9863%; height: 56px;\" width=\"210\"><span style=\"font-size: 14pt;\">Type d'appareil<\/span><\/td>\n<td style=\"width: 60.6237%; height: 56px;\" width=\"352\"><span style=\"font-size: 14pt;\">Kit \/ syst\u00e8me Pod rechargeable<\/span><\/td>\n<\/tr>\n<tr style=\"height: 56px;\">\n<td style=\"width: 36.9863%; height: 56px;\" width=\"210\"><span style=\"font-size: 14pt;\">Capacit\u00e9 Pod<\/span><\/td>\n<td style=\"width: 60.6237%; height: 56px;\" width=\"352\"><span style=\"font-size: 14pt;\">2.0ml (r\u00e9servoir transparent)<\/span><\/td>\n<\/tr>\n<tr style=\"height: 84px;\">\n<td style=\"width: 36.9863%; height: 84px;\" width=\"210\"><span style=\"font-size: 14pt;\">Type de Pod<\/span><\/td>\n<td style=\"width: 60.6237%; height: 84px;\" width=\"352\"><span style=\"font-size: 14pt;\">Pod rechargeable (compatible avec syst\u00e8me ouvert\/ferm\u00e9)<\/span><\/td>\n<\/tr>\n<tr style=\"height: 56px;\">\n<td style=\"width: 36.9863%; height: 56px;\" width=\"210\"><span style=\"font-size: 14pt;\">Capacit\u00e9 de la batterie<\/span><\/td>\n<td style=\"width: 60.6237%; height: 56px;\" width=\"352\"><span style=\"font-size: 14pt;\">1300mAh (int\u00e9gr\u00e9)<\/span><\/td>\n<\/tr>\n<tr style=\"height: 56px;\">\n<td style=\"width: 36.9863%; height: 56px;\" width=\"210\"><span style=\"font-size: 14pt;\">Port de charge<\/span><\/td>\n<td style=\"width: 60.6237%; height: 56px;\" width=\"352\"><span style=\"font-size: 14pt;\">Type-C<\/span><\/td>\n<\/tr>\n<tr style=\"height: 56px;\">\n<td style=\"width: 36.9863%; height: 56px;\" width=\"210\"><span style=\"font-size: 14pt;\">Plage de puissance<\/span><\/td>\n<td style=\"width: 60.6237%; height: 56px;\" width=\"352\"><span style=\"font-size: 14pt;\">15W &#8211; 30W (r\u00e9glable en \u00e9tapes de 0,5W)<\/span><\/td>\n<\/tr>\n<tr style=\"height: 56px;\">\n<td style=\"width: 36.9863%; height: 56px;\" width=\"210\"><span style=\"font-size: 14pt;\">Affichage<\/span><\/td>\n<td style=\"width: 60.6237%; height: 56px;\" width=\"352\"><span style=\"font-size: 14pt;\">\u00c9cran couleur TFT de 1,47 pouces<\/span><\/td>\n<\/tr>\n<tr style=\"height: 56px;\">\n<td style=\"width: 36.9863%; height: 56px;\" width=\"210\"><span style=\"font-size: 14pt;\">Contr\u00f4le du flux d'air<\/span><\/td>\n<td style=\"width: 60.6237%; height: 56px;\" width=\"352\"><span style=\"font-size: 14pt;\">R\u00e9glable<\/span><\/td>\n<\/tr>\n<tr style=\"height: 56px;\">\n<td style=\"width: 36.9863%; height: 56px;\" width=\"210\"><span style=\"font-size: 14pt;\">M\u00e9thode de recharge<\/span><\/td>\n<td style=\"width: 60.6237%; height: 56px;\" width=\"352\"><span style=\"font-size: 14pt;\">Conception de remplissage lat\u00e9ral<\/span><\/td>\n<\/tr>\n<\/tbody>\n<\/table>\n<p>&nbsp;<\/p>\n<p>&nbsp;<\/p>\n<p><img decoding=\"async\" class=\"alignnone wp-image-4251 size-full\" src=\"https:\/\/www.wafoovape.com\/wp-content\/uploads\/2025\/05\/10080-2.jpg\" alt=\"\" width=\"1920\" height=\"1080\" srcset=\"https:\/\/www.wafoovape.com\/wp-content\/uploads\/2025\/05\/10080-2.jpg 1920w, https:\/\/www.wafoovape.com\/wp-content\/uploads\/2025\/05\/10080-2-300x169.jpg 300w, https:\/\/www.wafoovape.com\/wp-content\/uploads\/2025\/05\/10080-2-1024x576.jpg 1024w, https:\/\/www.wafoovape.com\/wp-content\/uploads\/2025\/05\/10080-2-768x432.jpg 768w, https:\/\/www.wafoovape.com\/wp-content\/uploads\/2025\/05\/10080-2-1536x864.jpg 1536w, https:\/\/www.wafoovape.com\/wp-content\/uploads\/2025\/05\/10080-2-600x338.jpg 600w\" sizes=\"(max-width: 1920px) 100vw, 1920px\" \/><\/p>\n<p style=\"text-align: center;\"><strong><span style=\"font-size: 24pt;\">Choisissez Wafoo, Choisissez Expertise et Soutien<\/span><\/strong><\/p>\n<p><span style=\"font-size: 14pt;\">Chez Wafoo, nous sommes sp\u00e9cialis\u00e9s dans le d\u00e9veloppement de dispositifs de vaping et de syst\u00e8mes de pod de haute qualit\u00e9 et innovants. Nous comprenons que les liquides de cigarette \u00e9lectronique et les liquides de capsule m\u00e9ritent un dispositif exceptionnel pour exploiter leur plein potentiel. Des dispositifs avanc\u00e9s pour capsules rechargeables aux capsules jetables pratiques, notre gamme de produits est con\u00e7ue pour r\u00e9pondre \u00e0 diverses pr\u00e9f\u00e9rences dans le monde entier.<\/span><\/p>\n<p>&nbsp;<\/p>\n<p style=\"text-align: center;\"><span style=\"font-size: 24pt;\"><strong><b>FAQ (questions fr\u00e9quentes)<\/b><\/strong><\/span><\/p>\n<p><strong><span style=\"font-size: 14pt;\">Q : Quels types de liquides pour cigarettes \u00e9lectroniques fonctionnent le mieux avec le Wafoo ECO S ?<\/span><\/strong><\/p>\n<p><span style=\"font-size: 14pt;\">R: En tant que dispositif de capsule rechargeable, l'ECO S est compatible avec la plupart des liquides de capsule courants. Pour une performance et une saveur optimales de ce syst\u00e8me de capsule, nous recommandons d'utiliser des e-liquides de sel de nicotine.<\/span><\/p>\n<p><strong><span style=\"font-size: 14pt;\">Q: Comment puis-je entretenir mon kit de pod rechargeable?<\/span><\/strong><\/p>\n<p><span style=\"font-size: 14pt;\">R: Pour votre capsule rechargeable, assurez-vous que la bobine est amorc\u00e9e avec du liquide de capsule avant la premi\u00e8re utilisation. Nettoyez p\u00e9riodiquement les contacts et la cavit\u00e9 de la capsule avec un tampon de coton sec pour les meilleures performances de votre appareil de vapotage.<\/span><\/p>","protected":false},"excerpt":{"rendered":"<p>D\u00e9couvrez le kit de capsule rechargeable Wafoo ECO S : batterie de 1300mAh, puissance r\u00e9glable de 15 \u00e0 30W, compatibilit\u00e9 capsule ouverte\/ferm\u00e9e. Con\u00e7u pour la saveur et le contr\u00f4le. Obtenez des d\u00e9tails &amp; prix.<\/p>","protected":false},"featured_media":4248,"comment_status":"closed","ping_status":"closed","template":"","meta":[],"product_brand":[],"product_cat":[23,25],"product_tag":[],"class_list":{"0":"post-418","1":"product","2":"type-product","3":"status-publish","4":"has-post-thumbnail","6":"product_cat-pod-system","7":"product_cat-product","9":"first","10":"instock","11":"shipping-taxable","12":"product-type-simple"},"_links":{"self":[{"href":"https:\/\/www.wafoovape.com\/fr\/wp-json\/wp\/v2\/product\/418","targetHints":{"allow":["GET"]}}],"collection":[{"href":"https:\/\/www.wafoovape.com\/fr\/wp-json\/wp\/v2\/product"}],"about":[{"href":"https:\/\/www.wafoovape.com\/fr\/wp-json\/wp\/v2\/types\/product"}],"replies":[{"embeddable":true,"href":"https:\/\/www.wafoovape.com\/fr\/wp-json\/wp\/v2\/comments?post=418"}],"wp:featuredmedia":[{"embeddable":true,"href":"https:\/\/www.wafoovape.com\/fr\/wp-json\/wp\/v2\/media\/4248"}],"wp:attachment":[{"href":"https:\/\/www.wafoovape.com\/fr\/wp-json\/wp\/v2\/media?parent=418"}],"wp:term":[{"taxonomy":"product_brand","embeddable":true,"href":"https:\/\/www.wafoovape.com\/fr\/wp-json\/wp\/v2\/product_brand?post=418"},{"taxonomy":"product_cat","embeddable":true,"href":"https:\/\/www.wafoovape.com\/fr\/wp-json\/wp\/v2\/product_cat?post=418"},{"taxonomy":"product_tag","embeddable":true,"href":"https:\/\/www.wafoovape.com\/fr\/wp-json\/wp\/v2\/product_tag?post=418"}],"curies":[{"name":"wp","href":"https:\/\/api.w.org\/{rel}","templated":true}]}}